{"id":14059,"date":"2021-04-14T11:04:19","date_gmt":"2021-04-14T11:04:19","guid":{"rendered":"https:\/\/the7.io\/main\/?page_id=14059"},"modified":"2024-01-16T12:44:09","modified_gmt":"2024-01-16T12:44:09","slug":"karriere","status":"publish","type":"page","link":"https:\/\/zimmerei-schwaighofer.at\/index.php\/karriere\/","title":{"rendered":"Karriere"},"content":{"rendered":"<p>[vc_row][vc_column]<div id=\"ultimate-heading-868669e1b275abef5\" class=\"uvc-heading ult-adjust-bottom-margin ultimate-heading-868669e1b275abef5 uvc-7478 accent-border-color\" data-hspacer=\"no_spacer\"  data-halign=\"left\" style=\"text-align:left\"><div class=\"uvc-heading-spacer no_spacer\" style=\"top\"><\/div><div class=\"uvc-main-heading ult-responsive\"  data-ultimate-target='.uvc-heading.ultimate-heading-868669e1b275abef5 h2'  data-responsive-json-new='{\"font-size\":\"desktop:90px;mobile_landscape:60px;\",\"line-height\":\"desktop:100px;mobile_landscape:10px;\"}' ><h2 style=\"--font-weight:theme;color:rgba(0,0,0,0.08);margin-bottom:-45px;\">*KARRIERE<\/h2><\/div><\/div>[\/vc_column][\/vc_row][vc_row][vc_column]<div id=\"ultimate-heading-537169e1b275abf2c\" class=\"uvc-heading ult-adjust-bottom-margin ultimate-heading-537169e1b275abf2c uvc-2486 \" data-hspacer=\"no_spacer\"  data-halign=\"left\" style=\"text-align:left\"><div class=\"uvc-heading-spacer no_spacer\" style=\"top\"><\/div><div class=\"uvc-main-heading ult-responsive\"  data-ultimate-target='.uvc-heading.ultimate-heading-537169e1b275abf2c h2'  data-responsive-json-new='{\"font-size\":\"desktop:38px;mobile_landscape:25px;\",\"line-height\":\"desktop:48px;mobile_landscape:35px;\"}' ><h2 style=\"--font-weight:theme;margin-bottom:+45px;\">#teamschwaighofer<\/h2><\/div><\/div>[\/vc_column][\/vc_row][vc_row margin_top=&#8220;-5&#8243; margin_bottom=&#8220;10&#8243; css=&#8220;.vc_custom_1639744462291{margin-bottom: 10px !important;}&#8220;][vc_column animation=&#8220;fadeIn&#8220;][vc_tabs interval=&#8220;0&#8243; title_size=&#8220;h5&#8243;][vc_tab title=&#8220;Zimmerer&#8220; tab_id=&#8220;1407943498-1-42c0be-9433&#8243;][vc_column_text]<strong>Aufgaben:<\/strong><br \/>\n\u2022 Ausf\u00fchren abwechslungsreicher Bauaufgaben<br \/>\n\u2022 Arbeit mit Konstruktionspl\u00e4nen, Zeichnungen und Skizzen<\/p>\n<p><strong>Profil:<\/strong><br \/>\n\u2022 abgeschlossene Lehre<br \/>\n\u2022 F\u00fchrerschein B von Vorteil<br \/>\n\u2022 Genauigkeit und Zuverl\u00e4ssigkeit<br \/>\n\u2022 technisches und handwerkliches Geschick<br \/>\n\u2022 Teamgeist<br \/>\n\u2022 \u00dcberstundenbereitschaft<br \/>\n\u2022 P\u00fcnktlichkeit<\/p>\n<p><strong>Wir bieten:<\/strong><br \/>\n\u2022 anspruchsvolles und vielseitiges Aufgabengebiet<br \/>\n\u2022 einen sicheren Job in unserem Familienbetrieb<br \/>\n\u2022 bei Bedarf eine \u00dcbernachtungsm\u00f6glichkeit<br \/>\n\u2022 eine neue Herausforderung<br \/>\n\u2022 Bezahlung nach KV mit der Bereitschaft zur \u00dcberbezahlung je nach Qualifikation[\/vc_column_text][\/vc_tab][vc_tab title=&#8220;Zimmerer-Helfer&#8220; tab_id=&#8220;1407943649252-3-1c0be-9433&#8243;][vc_column_text]<strong>Aufgaben:<\/strong><br \/>\n\u2022 Unterst\u00fctzung der Facharbeiter bei Bauvorhaben<\/p>\n<p><strong>Profil:<\/strong><br \/>\n\u2022 abgeschlossene Handwerker-Lehre von Vorteil \u2022 auch Quereinsteiger willkommen<br \/>\n\u2022 Wille und Einsatz z\u00e4hlen<br \/>\n\u2022 Teamgeist und Zuverl\u00e4ssigkeit<br \/>\n\u2022 \u00dcberstundenbereitschaft<br \/>\n\u2022 k\u00f6rperliche Belastbarkeit<\/p>\n<p><strong>Wir bieten:<\/strong><br \/>\n\u2022 ein anspruchsvolles und abwechslungsreiches Aufgabengebiet<br \/>\n\u2022 einen sicheren Job in unserem Familienbetrieb<br \/>\n\u2022 bei Bedarf eine \u00dcbernachtungsm\u00f6glichkeit<br \/>\n\u2022 eine neue Herausforderung<br \/>\n\u2022 Bezahlung nach KV mit der Bereitschaft zur \u00dcberbezahlung je nach Qualifikation[\/vc_column_text][\/vc_tab][vc_tab title=&#8220;Technischer B\u00fcromitarbeiter&#8220; tab_id=&#8220;1407943648221-2-9c0be-9433&#8243;][vc_column_text]<\/p>\n<div class=\"ce_text job-headline first block\"><\/div>\n<div class=\"job-slider slick-initialized slick-slider\">\n<div class=\"slick-list draggable\" aria-live=\"polite\">\n<div class=\"slick-track\" role=\"listbox\">\n<div class=\"ce_text job-desc block slick-slide slick-current slick-active\" tabindex=\"-1\" role=\"option\" data-slick-index=\"1\" aria-hidden=\"false\" aria-describedby=\"slick-slide01\">\n<p><strong>Aufgaben:<\/strong><br \/>\n\u2022 Entwurf und Planung von Einreichpl\u00e4nen<br \/>\n\u2022 Werk- und Detailplanung<br \/>\n\u2022 Unterst\u00fctzung der Bauvorhaben<br \/>\n\u2022 Bauleitung<br \/>\n\u2022 Erstellen von Angeboten, Rechnungen und Kalkulationen<br \/>\n\u2022 Arbeitsvorbereitung<\/p>\n<p><strong>Profil:<\/strong><br \/>\n\u2022 abgeschlossene Ausbildung zum Zimmermeister bzw. Holzbaumeister oder abgeschlossene technische Ausbildung (HTL oder Vergleichbares, Lehre zum Zimmerei-Techniker, \u2026)<br \/>\n\u2022 Berufserfahrung von Vorteil<br \/>\n\u2022 CAD-Kenntnisse<br \/>\n\u2022 \u00dcberstundenbereitschaft<br \/>\n\u2022 Zuverl\u00e4ssigkeit und Pr\u00e4zision<br \/>\n\u2022 freundliches Auftreten den Kunden gegen\u00fcber<br \/>\n\u2022 selbstst\u00e4ndiges und genaues Arbeiten<\/p>\n<p><strong>Wir bieten:<\/strong><br \/>\n\u2022 ein anspruchsvolles und abwechslungsreiches Aufgabengebiet<br \/>\n\u2022 einen sicheren Job in unserem Familienbetrieb<br \/>\n\u2022 bei Bedarf eine \u00dcbernachtungsm\u00f6glichkeit<br \/>\n\u2022 eine neue Herausforderung<br \/>\n\u2022 Bezahlung nach KV und je nach Qualifikation<\/div>\n<\/div>\n<\/div>\n<\/div>\n<p>[\/vc_column_text][\/vc_tab][vc_tab title=&#8220;Zimmerer-Lehrling&#8220; tab_id=&#8220;1640035265467-3-8&#8243;][vc_column_text]Deine Lehre bei Zimmerei Schwaighofer ist nicht nur herausfordernd und abwechslungsreich, sie f\u00f6rdert dich auch in deinem weiteren Karriereweg. Weiterentwicklungsm\u00f6glichkeiten, modernen Technologien und ein Team, welches dich super ausbildet und \u00fcber jede Kleinigkeit informiert steht dir bei uns sofort zur Stelle.<\/p>\n<p>&nbsp;<\/p>\n<p><strong>Aufgaben:<br \/>\n<\/strong>\u2022 Unterst\u00fctzen der Vorarbeiter sowie auch Facharbeiter<\/p>\n<p><strong>Profil:<br \/>\n<\/strong>\u2022 Abgeschlossenes neuntes Schuljahr<br \/>\n\u2022 Genauigkeit und Zuverl\u00e4ssigkeit<br \/>\n\u2022 Wille und Einsatz<br \/>\n\u2022 K\u00f6rperliche Belastung<br \/>\n\u2022 Teamf\u00e4higkeit<\/p>\n<p><strong>Wir bieten:<br \/>\n\u2022 <\/strong>Neue Herausforderungen<br \/>\n\u2022 Abwechslungsreiches und vielseitiges Aufgabengebiet<br \/>\n\u2022 Einen sichern Job in unserem Familienbetrieb<br \/>\n\u2022 Bei Bedarf eine \u00dcbernachtungsm\u00f6glichkeit[\/vc_column_text][\/vc_tab][vc_tab title=&#8220;Zimmerer-Techniker-Lehrling&#8220; tab_id=&#8220;1640035296063-4-3&#8243;][vc_column_text]Mit viel Ehrgeiz \u00a0gibt es nat\u00fcrlich auch die M\u00f6glichkeit den Zimmerer-Techniker in unserem Betrieb erarbeiten zu k\u00f6nnen. Der Zimmerer-Techniker dauert 4 Jahre und viele unserer Lehrlinge haben sich bis jetzt dazu entschieden diesen Weg einzuschlagen.<\/p>\n<p><em>\u00a0<\/em><\/p>\n<p><strong>Aufgaben:<\/strong><\/p>\n<p>\u2022 Unterst\u00fctzen der Vorarbeiter \/ Facharbeiter<\/p>\n<p><strong>Profil:<\/strong><\/p>\n<p>\u2022 Abgeschlossenes neuntes Schuljahr<br \/>\n\u2022 Genauigkeit und Zuverl\u00e4ssigkeit<br \/>\n\u2022 Wille und Einsatz<br \/>\n\u2022 K\u00f6rperliche Belastung<br \/>\n\u2022 Teamf\u00e4higkeit<\/p>\n<p><strong>Wir bieten:<\/strong><\/p>\n<p>\u2022 Neue Herausforderungen<br \/>\n\u2022 Abwechslungsreiches und vielseitiges Aufgabengebiet<br \/>\n\u2022 Einen sicheren Job in unserem Familienbetrieb<br \/>\n\u2022 Bei Bedarf eine \u00dcbernachtungsm\u00f6glichkeit[\/vc_column_text][\/vc_tab][\/vc_tabs][\/vc_column][\/vc_row][vc_row][vc_column css=&#8220;.vc_custom_1639689706750{padding-top: 40px !important;}&#8220;][vc_cta h2=&#8220;Bewerben Sie sich jetzt!&#8220; style=&#8220;flat&#8220;]Zimmerei Schwaighofer GmbH<br \/>\nM\u00fchlgraben 64<br \/>\n6343 Erl<\/p>\n<p><a href=\"mailto:v.schwaighofer@zimmerei-schwaighofer.at\">info@zimmerei-schwaighofer.at<\/a>[\/vc_cta][\/vc_column][\/vc_row]<\/p>\n","protected":false},"excerpt":{"rendered":"<p>[vc_row][vc_column][\/vc_column][\/vc_row][vc_row][vc_column][\/vc_column][\/vc_row][vc_row margin_top=&#8220;-5&#8243; margin_bottom=&#8220;10&#8243; css=&#8220;.vc_custom_1639744462291{margin-bottom: 10px !important;}&#8220;][vc_column animation=&#8220;fadeIn&#8220;][vc_tabs interval=&#8220;0&#8243; title_size=&#8220;h5&#8243;][vc_tab title=&#8220;Zimmerer&#8220; tab_id=&#8220;1407943498-1-42c0be-9433&#8243;][vc_column_text]Aufgaben: \u2022 Ausf\u00fchren abwechslungsreicher Bauaufgaben \u2022 Arbeit mit Konstruktionspl\u00e4nen, Zeichnungen und Skizzen Profil: \u2022 abgeschlossene Lehre \u2022 F\u00fchrerschein B von Vorteil \u2022 Genauigkeit und Zuverl\u00e4ssigkeit \u2022 technisches und handwerkliches Geschick \u2022 Teamgeist \u2022 \u00dcberstundenbereitschaft \u2022 P\u00fcnktlichkeit Wir bieten: \u2022 anspruchsvolles und vielseitiges Aufgabengebiet \u2022 einen&hellip;<\/p>\n","protected":false},"author":1,"featured_media":0,"parent":0,"menu_order":0,"comment_status":"closed","ping_status":"closed","template":"","meta":{"footnotes":""},"class_list":["post-14059","page","type-page","status-publish","hentry","description-off"],"jetpack_sharing_enabled":true,"_links":{"self":[{"href":"https:\/\/zimmerei-schwaighofer.at\/index.php\/wp-json\/wp\/v2\/pages\/14059","targetHints":{"allow":["GET"]}}],"collection":[{"href":"https:\/\/zimmerei-schwaighofer.at\/index.php\/wp-json\/wp\/v2\/pages"}],"about":[{"href":"https:\/\/zimmerei-schwaighofer.at\/index.php\/wp-json\/wp\/v2\/types\/page"}],"author":[{"embeddable":true,"href":"https:\/\/zimmerei-schwaighofer.at\/index.php\/wp-json\/wp\/v2\/users\/1"}],"replies":[{"embeddable":true,"href":"https:\/\/zimmerei-schwaighofer.at\/index.php\/wp-json\/wp\/v2\/comments?post=14059"}],"version-history":[{"count":26,"href":"https:\/\/zimmerei-schwaighofer.at\/index.php\/wp-json\/wp\/v2\/pages\/14059\/revisions"}],"predecessor-version":[{"id":58301,"href":"https:\/\/zimmerei-schwaighofer.at\/index.php\/wp-json\/wp\/v2\/pages\/14059\/revisions\/58301"}],"wp:attachment":[{"href":"https:\/\/zimmerei-schwaighofer.at\/index.php\/wp-json\/wp\/v2\/media?parent=14059"}],"curies":[{"name":"wp","href":"https:\/\/api.w.org\/{rel}","templated":true}]}}