{"id":57320,"date":"2021-12-15T20:35:43","date_gmt":"2021-12-15T20:35:43","guid":{"rendered":"https:\/\/k301212.kufnet.at\/?page_id=57320"},"modified":"2023-04-21T16:37:28","modified_gmt":"2023-04-21T16:37:28","slug":"impressum","status":"publish","type":"page","link":"https:\/\/zimmerei-schwaighofer.at\/index.php\/impressum\/","title":{"rendered":"Impressum"},"content":{"rendered":"<p>[vc_row bg_type=&#8220;image&#8220; parallax_style=&#8220;vcpb-vz-jquery&#8220; bg_image_repeat=&#8220;no-repeat&#8220; bg_override=&#8220;full&#8220; enable_overlay=&#8220;enable_overlay_value&#8220; overlay_color=&#8220;rgba(0,0,0,0.5)&#8220; overlay_pattern=&#8220;transperant&#8220; overlay_pattern_opacity=&#8220;25&#8243; margin_top=&#8220;-50&#8243; type=&#8220;vc_default&#8220;][vc_column offset=&#8220;vc_col-lg-offset-0 vc_col-lg-12 vc_col-md-offset-0 vc_col-md-12 vc_col-sm-offset-0 vc_col-xs-12&#8243; css=&#8220;.vc_custom_1476043981108{margin-top: 10px !important;margin-bottom: 10px !important;}&#8220;]<div id=\"ultimate-heading-890669d7b9802505b\" class=\"uvc-heading ult-adjust-bottom-margin ultimate-heading-890669d7b9802505b uvc-1488 accent-border-color\" data-hspacer=\"no_spacer\"  data-halign=\"left\" style=\"text-align:left\"><div class=\"uvc-heading-spacer no_spacer\" style=\"top\"><\/div><div class=\"uvc-main-heading ult-responsive\"  data-ultimate-target='.uvc-heading.ultimate-heading-890669d7b9802505b h2'  data-responsive-json-new='{\"font-size\":\"desktop:90px;mobile_landscape:60px;\",\"line-height\":\"desktop:100px;mobile_landscape:70px;\"}' ><h2 style=\"font-weight:bold;color:rgba(0,0,0,0.08);margin-bottom:-45px;\">*IMPRESSUM<\/h2><\/div><\/div>[\/vc_column][\/vc_row][vc_row][vc_column]<div id=\"ultimate-heading-359669d7b98025093\" class=\"uvc-heading ult-adjust-bottom-margin ultimate-heading-359669d7b98025093 uvc-2024 \" data-hspacer=\"no_spacer\"  data-halign=\"left\" style=\"text-align:left\"><div class=\"uvc-heading-spacer no_spacer\" style=\"top\"><\/div><div class=\"uvc-main-heading ult-responsive\"  data-ultimate-target='.uvc-heading.ultimate-heading-359669d7b98025093 h2'  data-responsive-json-new='{\"font-size\":\"desktop:38px;mobile_landscape:25px;\",\"line-height\":\"desktop:48px;mobile_landscape:35px;\"}' ><h2 style=\"font-weight:bold;color:#050505;margin-bottom:+45px;\">Unternehmensdaten<\/h2><\/div><\/div>[\/vc_column][\/vc_row][vc_row equal_height=&#8220;yes&#8220; content_placement=&#8220;middle&#8220; margin_top=&#8220;5&#8243; margin_bottom=&#8220;10&#8243; type=&#8220;vc_default&#8220;][vc_column offset=&#8220;vc_col-lg-6 vc_col-md-6 vc_col-xs-12&#8243; css=&#8220;.vc_custom_1476026676448{padding-bottom: 50px !important;}&#8220;][vc_column_text]Zimmerei Schwaighofer GmbH<br \/>\nM\u00fchlgraben 64<br \/>\n6343 Erl, AUSTRIA<\/p>\n<p>Telefon: 05373 81065<br \/>\nTelefax: 05373 81065<\/p>\n<p>E-Mail: info@zimmerei-schwaighofer.at<br \/>\nInternet:\u00a0www.zimmerei-schwaighofer.at<\/p>\n<p>Vertretungsberechtigter Gesch\u00e4ftsf\u00fchrer: Andreas Schwaighofer<br \/>\nRegistergericht: Gerichtstand Kufstein<br \/>\nFirmenbuchnummer: 368402v<br \/>\nUmsatzsteuer-Identifikationsnummer gem\u00e4\u00df \u00a7 27 a<br \/>\nUmsatzsteuergesetz: ATU 66694605<br \/>\nHaftungshinweis: Trotz sorgf\u00e4ltiger inhaltlicher Kontrolle \u00fcbernehmen wir keine Haftung f\u00fcr die Inhalte externer Links. F\u00fcr den Inhalt der verlinkten Seiten sind ausschlie\u00dflich deren Betreiber verantwortlich.<\/p>\n<p><a href=\"https:\/\/firmen.wko.at\/zimmerei-schwaighofer-gmbh\/tirol\/?firmaid=451ac14e-6df1-4b1a-90f2-0bc150fd8b8c\" target=\"_blank\" rel=\"noopener\">WKO-Verweis<\/a><\/p>\n<p>&nbsp;<\/p>\n<h3>Homepagetechnik<\/h3>\n<p>Die Internetseite wurde mit dem Open Scoure CMS WordPress realisiert.<\/p>\n<h3>Bildquellen<\/h3>\n<p>Diese Homepage verwendet Bilder von Zimmerei Schwaighofer GmbH.<\/p>\n<h3>Haftung<\/h3>\n<p>S\u00e4mtliche Texte auf dieser Homepage wurden sorgf\u00e4ltig gepr\u00fcft. Dessen ungeachtet kann keine Garantie f\u00fcr die Richtigkeit, Vollst\u00e4ndigkeit und Aktualit\u00e4t der Angaben \u00fcbernommen werden. Eine Haftung von Zimmerei Schwaighofer GmbH wird daher ausgeschlossen.<\/p>\n<h3>Hinweise<\/h3>\n<p>Aus rechtlichen Gr\u00fcnden m\u00fcssen wir darauf hinweisen, dass wir auf den Inhalt verlinkter Seiten nicht immer Einfluss nehmen k\u00f6nnen und daher daf\u00fcr nicht verantwortlich sind! S\u00e4mtliche personenbezogenen Daten, die durch Formulare auf dieser Seite eingegeben werden, werden von uns nur zum daf\u00fcr vorgesehenen\u00a0Zweck verwendet und Zweck verwendet und\u00a0auf\u00a0Wunsch\u00a0gel\u00f6scht.[\/vc_column_text][\/vc_column][\/vc_row]<br \/>\n<div class=\"woocommerce woocommerce-gzd woocommerce-gzd-complaints-shortcode\">\n\t<h3>Alternative Dispute Resolution in accordance with Art. 14 (1) ODR-VO and \u00a7 36 VSBG:<\/h3>\n\n<p>Die Europ\u00e4ische Kommission stellt eine Plattform zur Online-Streitbeilegung (OS) bereit, die du unter <a href=\"https:\/\/ec.europa.eu\/consumers\/odr\" target=\"_blank\">https:\/\/ec.europa.eu\/consumers\/odr<\/a> findest. Zur Teilnahme an einem Streitbeilegungsverfahren vor einer Verbraucherschlichtungsstelle sind wir nicht verpflichtet und nicht bereit.<\/p>\n<\/div>\n","protected":false},"excerpt":{"rendered":"<p>[vc_row bg_type=&#8220;image&#8220; parallax_style=&#8220;vcpb-vz-jquery&#8220; bg_image_repeat=&#8220;no-repeat&#8220; bg_override=&#8220;full&#8220; enable_overlay=&#8220;enable_overlay_value&#8220; overlay_color=&#8220;rgba(0,0,0,0.5)&#8220; overlay_pattern=&#8220;transperant&#8220; overlay_pattern_opacity=&#8220;25&#8243; margin_top=&#8220;-50&#8243; type=&#8220;vc_default&#8220;][vc_column offset=&#8220;vc_col-lg-offset-0 vc_col-lg-12 vc_col-md-offset-0 vc_col-md-12 vc_col-sm-offset-0 vc_col-xs-12&#8243; css=&#8220;.vc_custom_1476043981108{margin-top: 10px !important;margin-bottom: 10px !important;}&#8220;][\/vc_column][\/vc_row][vc_row][vc_column][\/vc_column][\/vc_row][vc_row equal_height=&#8220;yes&#8220; content_placement=&#8220;middle&#8220; margin_top=&#8220;5&#8243; margin_bottom=&#8220;10&#8243; type=&#8220;vc_default&#8220;][vc_column offset=&#8220;vc_col-lg-6 vc_col-md-6 vc_col-xs-12&#8243; css=&#8220;.vc_custom_1476026676448{padding-bottom: 50px !important;}&#8220;][vc_column_text]Zimmerei Schwaighofer GmbH M\u00fchlgraben 64 6343 Erl, AUSTRIA Telefon: 05373 81065 Telefax: 05373 81065 E-Mail: info@zimmerei-schwaighofer.at Internet:\u00a0www.zimmerei-schwaighofer.at Vertretungsberechtigter Gesch\u00e4ftsf\u00fchrer: Andreas Schwaighofer Registergericht: Gerichtstand&hellip;<\/p>\n","protected":false},"author":1,"featured_media":0,"parent":0,"menu_order":10,"comment_status":"closed","ping_status":"closed","template":"","meta":{"footnotes":""},"class_list":["post-57320","page","type-page","status-publish","hentry","description-off"],"jetpack_sharing_enabled":true,"_links":{"self":[{"href":"https:\/\/zimmerei-schwaighofer.at\/index.php\/wp-json\/wp\/v2\/pages\/57320","targetHints":{"allow":["GET"]}}],"collection":[{"href":"https:\/\/zimmerei-schwaighofer.at\/index.php\/wp-json\/wp\/v2\/pages"}],"about":[{"href":"https:\/\/zimmerei-schwaighofer.at\/index.php\/wp-json\/wp\/v2\/types\/page"}],"author":[{"embeddable":true,"href":"https:\/\/zimmerei-schwaighofer.at\/index.php\/wp-json\/wp\/v2\/users\/1"}],"replies":[{"embeddable":true,"href":"https:\/\/zimmerei-schwaighofer.at\/index.php\/wp-json\/wp\/v2\/comments?post=57320"}],"version-history":[{"count":12,"href":"https:\/\/zimmerei-schwaighofer.at\/index.php\/wp-json\/wp\/v2\/pages\/57320\/revisions"}],"predecessor-version":[{"id":58089,"href":"https:\/\/zimmerei-schwaighofer.at\/index.php\/wp-json\/wp\/v2\/pages\/57320\/revisions\/58089"}],"wp:attachment":[{"href":"https:\/\/zimmerei-schwaighofer.at\/index.php\/wp-json\/wp\/v2\/media?parent=57320"}],"curies":[{"name":"wp","href":"https:\/\/api.w.org\/{rel}","templated":true}]}}