{"id":57351,"date":"2021-12-16T20:23:16","date_gmt":"2021-12-16T20:23:16","guid":{"rendered":"https:\/\/k301212.kufnet.at\/?page_id=57351"},"modified":"2025-01-29T06:33:16","modified_gmt":"2025-01-29T06:33:16","slug":"partner","status":"publish","type":"page","link":"https:\/\/zimmerei-schwaighofer.at\/index.php\/partner\/","title":{"rendered":"Partner"},"content":{"rendered":"<p>[vc_row][vc_column]<div id=\"ultimate-heading-7069f1b3348b1fb\" class=\"uvc-heading ult-adjust-bottom-margin ultimate-heading-7069f1b3348b1fb uvc-3501 accent-border-color\" data-hspacer=\"no_spacer\"  data-halign=\"left\" style=\"text-align:left\"><div class=\"uvc-heading-spacer no_spacer\" style=\"top\"><\/div><div class=\"uvc-main-heading ult-responsive\"  data-ultimate-target='.uvc-heading.ultimate-heading-7069f1b3348b1fb h2'  data-responsive-json-new='{\"font-size\":\"desktop:90px;mobile_landscape:60px;\",\"line-height\":\"desktop:100px;mobile_landscape:10px;\"}' ><h2 style=\"--font-weight:theme;color:rgba(0,0,0,0.08);margin-bottom:-45px;\">*PARTNER<\/h2><\/div><\/div>[\/vc_column][\/vc_row][vc_row][vc_column]<div id=\"ultimate-heading-641669f1b3348b235\" class=\"uvc-heading ult-adjust-bottom-margin ultimate-heading-641669f1b3348b235 uvc-1816 \" data-hspacer=\"no_spacer\"  data-halign=\"left\" style=\"text-align:left\"><div class=\"uvc-heading-spacer no_spacer\" style=\"top\"><\/div><div class=\"uvc-main-heading ult-responsive\"  data-ultimate-target='.uvc-heading.ultimate-heading-641669f1b3348b235 h2'  data-responsive-json-new='{\"font-size\":\"desktop:38px;mobile_landscape:25px;\",\"line-height\":\"desktop:48px;mobile_landscape:35px;\"}' ><h2 style=\"--font-weight:theme;color:#000000;margin-bottom:+45px;\">Unser Netzwerk!<\/h2><\/div><\/div>[\/vc_column][\/vc_row][vc_row][vc_column width=&#8220;1\/4&#8243;][vc_single_image image=&#8220;57347&#8243;][\/vc_column][vc_column width=&#8220;3\/4&#8243;]<div id=\"ultimate-heading-560569f1b3348b257\" class=\"uvc-heading ult-adjust-bottom-margin ultimate-heading-560569f1b3348b257 uvc-8384 accent-border-color uvc-heading-default-font-sizes\" data-hspacer=\"line_only\"  data-halign=\"left\" style=\"text-align:left\"><div class=\"uvc-main-heading ult-responsive\"  data-ultimate-target='.uvc-heading.ultimate-heading-560569f1b3348b257 h3'  data-responsive-json-new='{\"font-size\":\"\",\"line-height\":\"\"}' ><h3 style=\"--font-weight:theme;margin-bottom:5px;\">Harlander Baustoffe<\/h3><\/div><div class=\"uvc-heading-spacer line_only\" style=\"margin-bottom:15px;height:5px;\"><span class=\"uvc-headings-line\" style=\"border-style:solid;border-bottom-width:5px;border-color:#ccc;width:50px;\"><\/span><\/div><\/div>[vc_column_text]Baustofflieferanten f\u00fcr gro\u00dfe und kleine Projekte. In unserem reichhaltigen Angebot f\u00fchren wir unter anderem Fliesen, Putze, Werkzeuge, Arbeitsbekleidung, D\u00e4mmstoffe, Schleifmaterialien, Gartenzubeh\u00f6r und vieles mehr.<\/p>\n<p><a href=\"https:\/\/harlander-baustoffe.de\" target=\"_blank\" rel=\"noopener\">www.harlander-baustoffe.de<\/a>[\/vc_column_text][\/vc_column][\/vc_row][vc_row][vc_column][vc_empty_space][\/vc_column][\/vc_row][vc_row][vc_column width=&#8220;1\/4&#8243;][vc_single_image image=&#8220;58247&#8243; img_size=&#8220;medium&#8220;][\/vc_column][vc_column width=&#8220;3\/4&#8243;]<div id=\"ultimate-heading-836469f1b3348b273\" class=\"uvc-heading ult-adjust-bottom-margin ultimate-heading-836469f1b3348b273 uvc-7702 accent-border-color uvc-heading-default-font-sizes\" data-hspacer=\"line_only\"  data-halign=\"left\" style=\"text-align:left\"><div class=\"uvc-main-heading ult-responsive\"  data-ultimate-target='.uvc-heading.ultimate-heading-836469f1b3348b273 h3'  data-responsive-json-new='{\"font-size\":\"\",\"line-height\":\"\"}' ><h3 style=\"--font-weight:theme;margin-bottom:5px;\">holzius VOLLHOLZHAUS<\/h3><\/div><div class=\"uvc-heading-spacer line_only\" style=\"margin-bottom:15px;height:5px;\"><span class=\"uvc-headings-line\" style=\"border-style:solid;border-bottom-width:5px;border-color:#ccc;width:50px;\"><\/span><\/div><\/div>[vc_column_text]Wer aus einem Haustraum ein echtes Zuhause machen will, hat viele Fragen und muss viele Entscheidungen treffen. Vielleicht haben Sie schon einen fertigen Plan oder eine klare Vorstellung davon, wie Ihr neues Zuhause aussehen soll. Oder stehen Sie noch ganz am Anfang und suchen Inspiration? Unsere Berater holen Sie dort ab, wo Sie mit Ihrem Hausprojekt stehen. Sie h\u00f6ren zu, lernen Ihre Ideen und W\u00fcnsche kennen und beraten Sie fachkundig und engagiert. Wir bei holzius legen gro\u00dfen Wert auf Offenheit und gegenseitiges Vertrauen, denn wir wissen: Ein Hausbau ist eine bedeutende Entscheidung im Leben unserer Bauherren. Da ist ein verl\u00e4sslicher Ansprechpartner wichtig.<\/p>\n<p><a href=\"https:\/\/www.holzius.com\/de\/\">www.holzius.com<\/a>[\/vc_column_text][\/vc_column][\/vc_row][vc_row][vc_column width=&#8220;1\/4&#8243;][vc_single_image image=&#8220;58490&#8243; img_size=&#8220;medium&#8220;][\/vc_column][vc_column width=&#8220;3\/4&#8243;]<div id=\"ultimate-heading-828569f1b3348b28c\" class=\"uvc-heading ult-adjust-bottom-margin ultimate-heading-828569f1b3348b28c uvc-7716 accent-border-color uvc-heading-default-font-sizes\" data-hspacer=\"line_only\"  data-halign=\"left\" style=\"text-align:left\"><div class=\"uvc-main-heading ult-responsive\"  data-ultimate-target='.uvc-heading.ultimate-heading-828569f1b3348b28c h3'  data-responsive-json-new='{\"font-size\":\"\",\"line-height\":\"\"}' ><h3 style=\"--font-weight:theme;margin-bottom:5px;\">KAUFT im ORT<\/h3><\/div><div class=\"uvc-heading-spacer line_only\" style=\"margin-bottom:15px;height:5px;\"><span class=\"uvc-headings-line\" style=\"border-style:solid;border-bottom-width:5px;border-color:#ccc;width:50px;\"><\/span><\/div><div class=\"uvc-sub-heading ult-responsive\"  data-ultimate-target='.uvc-heading.ultimate-heading-828569f1b3348b28c .uvc-sub-heading '  data-responsive-json-new='{\"font-size\":\"\",\"line-height\":\"\"}'  style=\"font-weight:normal;\"><\/p>\n<div class=\"spb_content_element col-sm-3 spb_text_column\">\n<div class=\"spb-asset-content\">\n<h3><strong>Made in Austria,<br \/>\nbuy in Austria.<\/strong><\/h3>\n<\/div>\n<\/div>\n<div class=\"spb_content_element col-sm-9 spb_text_column\">\n<div class=\"spb-asset-content\">\n<p>Die Online-Plattform kauft-im-ort.at erm\u00f6glicht es regionalen Betrieben die heimische Wirtschaft durch gegenseitiges Empfehlungsmarketing zu unterst\u00fctzen. Dabei werden ortsgebundene H\u00e4ndler und Dienstleister adressiert, die ihre Ladengesch\u00e4fte optimal im Internet, den sozialen Medien und durch Au\u00dfenwerbung einer breiten Zielgruppe pr\u00e4sentieren wollen.<\/p>\n<\/div>\n<\/div>\n<p><\/div><\/div>[vc_column_text]<a href=\"https:\/\/www.kauftimort.at\">www.kauftimort.at<\/a>[\/vc_column_text][\/vc_column][\/vc_row]<\/p>\n","protected":false},"excerpt":{"rendered":"<p>[vc_row][vc_column][\/vc_column][\/vc_row][vc_row][vc_column][\/vc_column][\/vc_row][vc_row][vc_column width=&#8220;1\/4&#8243;][vc_single_image image=&#8220;57347&#8243;][\/vc_column][vc_column width=&#8220;3\/4&#8243;][vc_column_text]Baustofflieferanten f\u00fcr gro\u00dfe und kleine Projekte. In unserem reichhaltigen Angebot f\u00fchren wir unter anderem Fliesen, Putze, Werkzeuge, Arbeitsbekleidung, D\u00e4mmstoffe, Schleifmaterialien, Gartenzubeh\u00f6r und vieles mehr. www.harlander-baustoffe.de[\/vc_column_text][\/vc_column][\/vc_row][vc_row][vc_column][vc_empty_space][\/vc_column][\/vc_row][vc_row][vc_column width=&#8220;1\/4&#8243;][vc_single_image image=&#8220;58247&#8243; img_size=&#8220;medium&#8220;][\/vc_column][vc_column width=&#8220;3\/4&#8243;][vc_column_text]Wer aus einem Haustraum ein echtes Zuhause machen will, hat viele Fragen und muss viele Entscheidungen treffen. Vielleicht haben Sie schon einen fertigen Plan&hellip;<\/p>\n","protected":false},"author":1,"featured_media":0,"parent":0,"menu_order":20,"comment_status":"closed","ping_status":"closed","template":"","meta":{"footnotes":""},"class_list":["post-57351","page","type-page","status-publish","hentry","description-off"],"jetpack_sharing_enabled":true,"_links":{"self":[{"href":"https:\/\/zimmerei-schwaighofer.at\/index.php\/wp-json\/wp\/v2\/pages\/57351","targetHints":{"allow":["GET"]}}],"collection":[{"href":"https:\/\/zimmerei-schwaighofer.at\/index.php\/wp-json\/wp\/v2\/pages"}],"about":[{"href":"https:\/\/zimmerei-schwaighofer.at\/index.php\/wp-json\/wp\/v2\/types\/page"}],"author":[{"embeddable":true,"href":"https:\/\/zimmerei-schwaighofer.at\/index.php\/wp-json\/wp\/v2\/users\/1"}],"replies":[{"embeddable":true,"href":"https:\/\/zimmerei-schwaighofer.at\/index.php\/wp-json\/wp\/v2\/comments?post=57351"}],"version-history":[{"count":23,"href":"https:\/\/zimmerei-schwaighofer.at\/index.php\/wp-json\/wp\/v2\/pages\/57351\/revisions"}],"predecessor-version":[{"id":58649,"href":"https:\/\/zimmerei-schwaighofer.at\/index.php\/wp-json\/wp\/v2\/pages\/57351\/revisions\/58649"}],"wp:attachment":[{"href":"https:\/\/zimmerei-schwaighofer.at\/index.php\/wp-json\/wp\/v2\/media?parent=57351"}],"curies":[{"name":"wp","href":"https:\/\/api.w.org\/{rel}","templated":true}]}}