{"id":57393,"date":"2021-12-17T08:32:48","date_gmt":"2021-12-17T08:32:48","guid":{"rendered":"https:\/\/k301212.kufnet.at\/?page_id=57393"},"modified":"2024-11-05T16:06:12","modified_gmt":"2024-11-05T16:06:12","slug":"lohnabbund","status":"publish","type":"page","link":"https:\/\/zimmerei-schwaighofer.at\/index.php\/lohnabbund\/","title":{"rendered":"Lohnabbund"},"content":{"rendered":"<p>[vc_row][vc_column]<div id=\"ultimate-heading-662969e1637f7108b\" class=\"uvc-heading ult-adjust-bottom-margin ultimate-heading-662969e1637f7108b uvc-1192 accent-border-color\" data-hspacer=\"no_spacer\"  data-halign=\"left\" style=\"text-align:left\"><div class=\"uvc-heading-spacer no_spacer\" style=\"top\"><\/div><div class=\"uvc-main-heading ult-responsive\"  data-ultimate-target='.uvc-heading.ultimate-heading-662969e1637f7108b h2'  data-responsive-json-new='{\"font-size\":\"desktop:90px;mobile_landscape:60px;\",\"line-height\":\"desktop:100px;mobile_landscape:60px;\"}' ><h2 style=\"--font-weight:theme;color:rgba(0,0,0,0.08);margin-bottom:-45px;\">*LOHNABBUND<\/h2><\/div><\/div>[\/vc_column][\/vc_row][vc_row][vc_column]<div id=\"ultimate-heading-211369e1637f710c1\" class=\"uvc-heading ult-adjust-bottom-margin ultimate-heading-211369e1637f710c1 uvc-2568 \" data-hspacer=\"no_spacer\"  data-halign=\"left\" style=\"text-align:left\"><div class=\"uvc-heading-spacer no_spacer\" style=\"top\"><\/div><div class=\"uvc-main-heading ult-responsive\"  data-ultimate-target='.uvc-heading.ultimate-heading-211369e1637f710c1 h2'  data-responsive-json-new='{\"font-size\":\"desktop:38px;mobile_landscape:25px;\",\"line-height\":\"desktop:48px;mobile_landscape:35px;\"}' ><h2 style=\"--font-weight:theme;margin-bottom:+45px;\">Absolute Pr\u00e4zision!<\/h2><\/div><\/div>[vc_video link=&#8220;https:\/\/www.youtube.com\/watch?v=CaG5ZNnVX4k&#8220; align=&#8220;center&#8220;][\/vc_column][\/vc_row][vc_row][vc_column width=&#8220;1\/4&#8243;][vc_single_image image=&#8220;57398&#8243;][\/vc_column][vc_column width=&#8220;3\/4&#8243;][vc_column_text]Unsere vollautomatische Hundegger Robot Drive 650 ist eine hochmoderne und leistungsstarke Abbundanlage. Mit ihrer beeindruckenden Leistungsf\u00e4higkeit kann sie bis zu 650 Balken pro Schicht bearbeiten, was eine hohe Produktivit\u00e4t erm\u00f6glicht.<\/p>\n<p>&nbsp;<\/p>\n<p>Die Hundegger Robot Drive 650 ist \u00e4u\u00dferst flexibel und kann verschiedene Holzarten und Gr\u00f6\u00dfen verarbeiten, dadurch ist sie vielseitig einsetzbar und kann den individuellen Anforderungen verschiedener Projekte gerecht werden.[\/vc_column_text][\/vc_column][\/vc_row][vc_row][vc_column][vc_media_grid grid_id=&#8220;vc_gid:1730822257556-f9314bf5-2c4e-1&#8243; include=&#8220;57394,57395,57396,57397,57400,57401,57402,57403,57404,57405&#8243;][\/vc_column][\/vc_row]<\/p>\n","protected":false},"excerpt":{"rendered":"<p>[vc_row][vc_column][\/vc_column][\/vc_row][vc_row][vc_column][vc_video link=&#8220;https:\/\/www.youtube.com\/watch?v=CaG5ZNnVX4k&#8220; align=&#8220;center&#8220;][\/vc_column][\/vc_row][vc_row][vc_column width=&#8220;1\/4&#8243;][vc_single_image image=&#8220;57398&#8243;][\/vc_column][vc_column width=&#8220;3\/4&#8243;][vc_column_text]Unsere vollautomatische Hundegger Robot Drive 650 ist eine hochmoderne und leistungsstarke Abbundanlage. Mit ihrer beeindruckenden Leistungsf\u00e4higkeit kann sie bis zu 650 Balken pro Schicht bearbeiten, was eine hohe Produktivit\u00e4t erm\u00f6glicht. &nbsp; Die Hundegger Robot Drive 650 ist \u00e4u\u00dferst flexibel und kann verschiedene Holzarten und Gr\u00f6\u00dfen verarbeiten, dadurch ist sie vielseitig&hellip;<\/p>\n","protected":false},"author":1,"featured_media":0,"parent":0,"menu_order":0,"comment_status":"closed","ping_status":"closed","template":"","meta":{"footnotes":""},"class_list":["post-57393","page","type-page","status-publish","hentry","description-off"],"jetpack_sharing_enabled":true,"_links":{"self":[{"href":"https:\/\/zimmerei-schwaighofer.at\/index.php\/wp-json\/wp\/v2\/pages\/57393","targetHints":{"allow":["GET"]}}],"collection":[{"href":"https:\/\/zimmerei-schwaighofer.at\/index.php\/wp-json\/wp\/v2\/pages"}],"about":[{"href":"https:\/\/zimmerei-schwaighofer.at\/index.php\/wp-json\/wp\/v2\/types\/page"}],"author":[{"embeddable":true,"href":"https:\/\/zimmerei-schwaighofer.at\/index.php\/wp-json\/wp\/v2\/users\/1"}],"replies":[{"embeddable":true,"href":"https:\/\/zimmerei-schwaighofer.at\/index.php\/wp-json\/wp\/v2\/comments?post=57393"}],"version-history":[{"count":26,"href":"https:\/\/zimmerei-schwaighofer.at\/index.php\/wp-json\/wp\/v2\/pages\/57393\/revisions"}],"predecessor-version":[{"id":58495,"href":"https:\/\/zimmerei-schwaighofer.at\/index.php\/wp-json\/wp\/v2\/pages\/57393\/revisions\/58495"}],"wp:attachment":[{"href":"https:\/\/zimmerei-schwaighofer.at\/index.php\/wp-json\/wp\/v2\/media?parent=57393"}],"curies":[{"name":"wp","href":"https:\/\/api.w.org\/{rel}","templated":true}]}}